{"id":245,"date":"2016-11-21T11:56:14","date_gmt":"2016-11-21T16:56:14","guid":{"rendered":"https:\/\/siadoc.co\/prueba\/dashboard\/?page_id=245"},"modified":"2021-05-03T17:10:14","modified_gmt":"2021-05-03T22:10:14","slug":"radicacion-2","status":"publish","type":"page","link":"https:\/\/siadoc.co\/prueba\/radicacion-2\/","title":{"rendered":"Radicaci\u00f3n"},"content":{"rendered":"<p><section class=\"kc-elm kc-css-644832 kc_row\"><div class=\"kc-row-container  kc-container\"><div class=\"kc-wrap-columns\"><div class=\"kc-elm kc-css-155520 kc_col-sm-12 kc_column col-md-12\"><div class=\"kc-col-container\"><div class=\"kc-elm kc-css-614720 kc_row kc_row_inner\"><div class=\"kc-elm kc-css-525680 kc_col-sm-12 kc_column_inner col-md-12 col-sm-12\"><div class=\"kc_wrapper kc-col-inner-container\"><div class=\"kc-elm kc-css-382413\" style=\"height: 6px; clear: both; width:100%;\"><\/div>\n<header class=\"kc-elm kc-css-91994 kc-animated kc-animate-eff-bounceInLeft crumina-module crumina-heading align-center medium-section\">\n    <div class=\"title-text-wrap\"><h1 class=\" heading-title\">\n\t\tRadicaci\u00f3n<\/h1>\n\t    <\/div>\n\t        <div class=\"heading-decoration\"><span class=\"first\"><\/span><span class=\"second\"><\/span><\/div>\n\t        <div class=\"h5 heading-text\">SIADOC\u00ae<\/div>\n\t<\/header><\/div><\/div><\/div><\/div><\/div><\/div><\/div><\/section><section class=\"kc-elm kc-css-706946 kc_row\"><div class=\"kc-row-container  kc-container\"><div class=\"kc-wrap-columns\"><div class=\"kc-elm kc-css-858001 kc_col-sm-6 kc_column col-md-6 col-sm-12\"><div class=\"kc-col-container\"><div class=\"kc-elm kc-css-318067 kc-animated kc-animate-eff-tada crumina-module single-image\">\n            <img src=\"https:\/\/siadoc.co\/prueba\/wp-content\/uploads\/2020\/08\/modulo-radicacion.png\" class=\"aligncenter\" alt=\"img\" \/>\n        <\/div>\n<\/div><\/div><div class=\"kc-elm kc-css-999581 kc_col-sm-6 kc_column col-md-6 col-sm-12\"><div class=\"kc-col-container\"><div class=\"kc-elm kc-css-112258 kc-animated kc-animate-eff-bounceInLeft kc_row kc_row_inner\"><div class=\"kc-elm kc-css-217811 kc_col-sm-12 kc_column_inner col-md-12 col-sm-12\"><div class=\"kc_wrapper kc-col-inner-container\"><div class=\"kc-elm kc-css-203377 kc_text_block\"><\/p>\n<p style=\"color: #757575; font-size: 18px;\">Para dar cumplimiento a los tiempos de los tr\u00e1mites establecidos, lo primero y m\u00e1s importante es la asignaci\u00f3n de un consecutivo a las comunicaciones.<\/p>\n<p style=\"color: #757575; font-size: 18px;\">Adem\u00e1s de esto en este m\u00f3dulo tambi\u00e9n encuentras<\/p>\n<p>\n<\/div>\n<div class=\"kc-elm kc-css-752653 crumina-module list list--primary\" data-icon=\"fa-caret-square-right\">\n    <ul>\r\n \t<li>Radicaci\u00f3n de comunicaciones f\u00edsicas y electr\u00f3nicas<\/li>\r\n \t<li>Radicaciones de comunicaciones de entrada, salida o internas<\/li>\r\n \t<li>Sticker con c\u00f3digo QR o Barras<\/li>\r\n \t<li>Planillas de Mensajer\u00eda<\/li>\r\n \t<li>Digitalizaci\u00f3n masiva de radicados<\/li>\r\n<\/ul><\/div>\n\n<div class=\"kc-elm kc-css-258797 crumina-module crum-button align-left\">\n    <a class=\"btn btn-medium btn--primary icon-left \" href=\"https:\/\/siadoc.co\/prueba\/contacto\/\" target=\"_self\" title=\"\">\n\t\t<span class=\"text\">Cont\u00e1ctenos<\/span>        <span class=\"semicircle\"><\/span>\n        <span class=\"semicircle\"><\/span>\n    <\/a>\n<\/div><div class=\"kc-elm kc-css-29935\" style=\"height: 15px; clear: both; width:100%;\"><\/div><\/div><\/div><\/div><\/div><\/div><\/div><\/div><\/section><section class=\"kc-elm kc-css-566786 kc_row\"><div class=\"kc-row-container\"><div class=\"kc-wrap-columns\"><div class=\"kc-elm kc-css-724897 kc_col-sm-2 kc_column col-md-2 col-sm-6 col-xs-12\"><div class=\"kc-col-container\"><\/div><\/div><div class=\"kc-elm kc-css-623520 kc_col-sm-9 kc_column col-md-9 col-sm-12\"><div class=\"kc-col-container\"><div class=\"kc-elm kc-css-911619\" style=\"height: 40px; clear: both; width:100%;\"><\/div>\n<header class=\"kc-elm kc-css-861402 crumina-module crumina-heading align-center \">\n    <div class=\"title-text-wrap\"><h2 class=\" heading-title\">\n\t\tOtras funcionalidades de SIADOC<\/h2>\n\t    <\/div>\n\t<\/header><\/div><\/div><div class=\"kc-elm kc-css-470452 kc_col-sm-1 kc-animated kc-animate-eff-bounceInRight kc_column col-md-1 col-sm-6 col-xs-12\"><div class=\"kc-col-container\"><\/div><\/div><\/div><\/div><\/section><section class=\"kc-elm kc-css-813221 kc_row\"><div class=\"kc-row-container\"><div class=\"kc-wrap-columns\"><div class=\"kc-elm kc-css-334602 kc_col-sm-1 kc_column col-md-1 col-sm-6 col-xs-12\"><div class=\"kc-col-container\"><\/div><\/div><div class=\"kc-elm kc-css-572640 kc_col-sm-5 kc-animated kc-animate-eff-tada kc_column col-md-5 col-sm-12\"><div class=\"kc-col-container\"><div class=\"kc-elm kc-css-621125\" style=\"height: 18px; clear: both; width:100%;\"><\/div><div class=\"kc-elm kc-css-246449 kc-animated kc-animate-eff-bounceInLeft crumina-module single-image\">\n            <img src=\"https:\/\/siadoc.co\/prueba\/wp-content\/uploads\/2020\/08\/portatil-radicacio\u0301n-01.png\" class=\"aligncenter\" alt=\"img\" \/>\n        <\/div>\n<div class=\"kc-elm kc-css-996436\" style=\"height: 18px; clear: both; width:100%;\"><\/div><\/div><\/div><div class=\"kc-elm kc-css-579048 kc_col-sm-4 kc-animated kc-animate-eff-bounceInRight kc_column col-md-4 col-sm-12\"><div class=\"kc-col-container\"><div class=\"kc-elm kc-css-757040\" style=\"height: 146px; clear: both; width:100%;\"><\/div>\n<div class=\"kc-elm kc-css-435448 crumina-module list list--primary\" data-icon=\"fa-caret-square-right\">\n    <p>Los <strong>controles de mensajer\u00eda<\/strong> nunca hab\u00edan sido tan f\u00e1ciles de aplicar<\/p>\r\n<ul>\r\n<li>Cargue y Asignaci\u00f3n de <strong>gu\u00edas<\/strong> de correspondencias<\/li>\r\n<li>Asignaci\u00f3n a motorizados<\/li>\r\n<li>Registro de acuse de recibido<\/li>\r\n<li>Referenciado de comunicaciones radicadas<\/li>\r\n<\/ul>\r\n<\/div>\n<\/div><\/div><div class=\"kc-elm kc-css-460143 kc_col-sm-1 kc_column col-md-1 col-sm-6 col-xs-12\"><div class=\"kc-col-container\"><\/div><\/div><\/div><\/div><\/section><section class=\"kc-elm kc-css-965095 kc_row\"><div class=\"kc-row-container\"><div class=\"kc-wrap-columns\"><div class=\"kc-elm kc-css-782354 kc_col-sm-1 kc_column col-md-1 col-sm-6 col-xs-12\"><div class=\"kc-col-container\"><\/div><\/div><div class=\"kc-elm kc-css-779399 kc_col-sm-4 kc-animated kc-animate-eff-bounceInLeft kc_column col-md-4 col-sm-12\"><div class=\"kc-col-container\"><div class=\"kc-elm kc-css-887330\" style=\"height: 167px; clear: both; width:100%;\"><\/div>\n<div class=\"kc-elm kc-css-626799 crumina-module list list--primary\" data-icon=\"sl-plus\">\n    <ul>\r\n<li>Reduce los tiempos de gesti\u00f3n de tu FACTURA ELECTR\u00d3NICA: En este m\u00f3dulo puedes automatizar el proceso de recepci\u00f3n, radicaci\u00f3n y gesti\u00f3n de tus facturas, gracias a la integraci\u00f3n que SIADOC hace con tu servidor de correo incorpora el XML +PDF dentro del radicado evitando as\u00ed duplicidad de tareas.<\/li>\r\n<\/ul>\r\n<\/div>\n<\/div><\/div><div class=\"kc-elm kc-css-164389 kc_col-sm-5 kc-animated kc-animate-eff-rubberBand kc_column col-md-5 col-sm-12\"><div class=\"kc-col-container\"><div class=\"kc-elm kc-css-212940\" style=\"height: 18px; clear: both; width:100%;\"><\/div><div class=\"kc-elm kc-css-231426 kc-animated kc-animate-eff-bounceInRight crumina-module single-image\">\n            <img src=\"https:\/\/siadoc.co\/prueba\/wp-content\/uploads\/2020\/09\/imagen11-1024x656.png\" class=\"aligncenter\" alt=\"img\" \/>\n        <\/div>\n<div class=\"kc-elm kc-css-448962\" style=\"height: 20px; clear: both; width:100%;\"><\/div><\/div><\/div><div class=\"kc-elm kc-css-752912 kc_col-sm-1 kc_column col-md-1 col-sm-6 col-xs-12\"><div class=\"kc-col-container\"><\/div><\/div><\/div><\/div><\/section><section class=\"kc-elm kc-css-858841 kc_row\"><div class=\"kc-row-container\"><div class=\"kc-wrap-columns\"><div class=\"kc-elm kc-css-865723 kc_col-sm-3 kc_column col-md-3 col-sm-6 col-xs-12\"><div class=\"kc-col-container\"><div class=\"kc-elm kc-css-14130 crumina-module single-image\">\n            <img src=\"https:\/\/siadoc.co\/prueba\/wp-content\/uploads\/2018\/08\/sisblanco.png\" class=\"aligncenter\" alt=\"img\" \/>\n        <\/div>\n<div class=\"kc-elm kc-css-839759 kc_text_block\"><\/p>\n<p>\n<span style=\"color: #ffffff; font-size: 17px !important; margin-bottom: 8px;\"><i class=\"fa fa-phone fa-fw fa-1x t30\"><\/i>(57-1) 624 2201\/ (57-1) 624 2202<\/span><br \/><span style=\"color: #ffffff; margin-bottom: 8px;\"><i class=\"fa fa-envelope fa-fw fa-1x t30\"><\/i>info@siscomputo.com<\/span><br \/><span style=\"color: #ffffff; margin-bottom: 8px;\"><i class=\"fa fa-map-pin fa-fw fa-1x t30\"><\/i>Calle 117B No. 70C \u2013 85<\/span><br \/><span style=\"color: #ffffff; margin-bottom: 6px;\"><i class=\"fa fa-map-signs fa-fw fa-1x t30\"><\/i>Bogot\u00e1 D.C. \u2013 Colombia<\/span><\/p>\n<p>\n<\/div><div class=\"kc-elm kc-css-290086 kc_row kc_row_inner\"><div class=\"kc-elm kc-css-324379 kc_col-of-5 kc_column_inner kc_col-of-5\"><div class=\"kc_wrapper kc-col-inner-container\"><\/div><\/div><div class=\"kc-elm kc-css-848672 kc_col-of-5 kc_column_inner kc_col-of-5\"><div class=\"kc_wrapper kc-col-inner-container\"><div class=\"kc-elm kc-css-557876 crumina-module single-image\">\n        <a  href=\"https:\/\/www.facebook.com\/SomosSiscomputo\/\" title=\"\" target=\"_self\">\n        <img src=\"https:\/\/siadoc.co\/prueba\/wp-content\/uploads\/2020\/08\/facebook-30x30xc.png\" class=\"alignleft image-opacity\" alt=\"img\" alt=\"\" \/>\n    <\/a>\n        <\/div>\n<\/div><\/div><div class=\"kc-elm kc-css-418999 kc_col-of-5 kc_column_inner kc_col-of-5\"><div class=\"kc_wrapper kc-col-inner-container\"><div class=\"kc-elm kc-css-87485 crumina-module single-image\">\n        <a  href=\"https:\/\/twitter.com\/Siscomputo\" title=\"\" target=\"_blank\">\n        <img src=\"https:\/\/siadoc.co\/prueba\/wp-content\/uploads\/2020\/08\/twitter-30x30xc.png\" class=\"alignleft image-opacity\" alt=\"img\" alt=\"\" \/>\n    <\/a>\n        <\/div>\n<\/div><\/div><div class=\"kc-elm kc-css-452885 kc_col-of-5 kc_column_inner kc_col-of-5\"><div class=\"kc_wrapper kc-col-inner-container\"><div class=\"kc-elm kc-css-75705 crumina-module single-image\">\n        <a  href=\"https:\/\/www.linkedin.com\/in\/siscomputo-ltda\/\" title=\"\" target=\"_blank\">\n        <img src=\"https:\/\/siadoc.co\/prueba\/wp-content\/uploads\/2020\/08\/linkedin-30x30xc.png\" class=\"alignleft image-opacity\" alt=\"img\" alt=\"\" \/>\n    <\/a>\n        <\/div>\n<\/div><\/div><div class=\"kc-elm kc-css-144265 kc_col-of-5 kc_column_inner kc_col-of-5\"><div class=\"kc_wrapper kc-col-inner-container\"><\/div><\/div><\/div><\/div><\/div><div class=\"kc-elm kc-css-468929 kc_col-sm-3 kc_column col-md-3 col-sm-6 col-xs-12\"><div class=\"kc-col-container\"><div class=\"kc-elm kc-css-734482 kc_row kc_row_inner\"><div class=\"kc-elm kc-css-334703 kc_col-sm-12 kc_column_inner col-md-12 col-sm-12\"><div class=\"kc_wrapper kc-col-inner-container\"><div class=\"kc-elm kc-css-393312 crumina-module single-image\">\n            <img src=\"https:\/\/siadoc.co\/prueba\/wp-content\/uploads\/2020\/08\/Laura-Ahumada-C-261x261-1-100x100xc.png\" class=\"aligncenter\" alt=\"img\" \/>\n        <\/div>\n<div class=\"kc-elm kc-css-653336 kc_text_block\"><\/p>\n<h6 style=\"text-align: center;\"><span style=\"color: #ffffff;\"><strong>Laura Ca\u00f1on<\/strong><\/span><\/h6>\n<div style=\"font-family: Lato; font-size: 15px; color: white; line-height: 20px; margin-top: -10px; text-align: center;\">Consultor Gesti\u00f3n Documental y Transformaci\u00f3n Digital<br \/>laura.canon@siscomputo.com<br \/>(57) 301 634 6004<\/div>\n<p>\n<\/div><\/div><\/div><\/div><\/div><\/div><div class=\"kc-elm kc-css-614750 kc_col-sm-3 kc_column col-md-3 col-sm-6 col-xs-12\"><div class=\"kc-col-container\"><div class=\"kc-elm kc-css-722264 kc_row kc_row_inner\"><div class=\"kc-elm kc-css-692535 kc_col-sm-12 kc_column_inner col-md-12 col-sm-12\"><div class=\"kc_wrapper kc-col-inner-container\"><div style=\"height: 205px\"><span style=\"border-radius:25px;\"><iframe src=\"https:\/\/www.google.com\/maps\/embed?pb=!1m14!1m8!1m3!1d994.0986715169662!2d-74.073467!3d4.7013!3m2!1i1024!2i768!4f13.1!3m3!1m2!1s0x0%3A0x199bb64f722998cd!2sSiscomputo!5e0!3m2!1ses!2sco!4v1531448627682\" width=\"100%\" height=\"205\" frameborder=\"0\" style=\"border:0\" allowfullscreen><\/iframe><\/span><\/div><\/div><\/div><\/div><\/div><\/div><div class=\"kc-elm kc-css-549021 kc_col-sm-3 kc_column col-md-3 col-sm-6 col-xs-12\"><div class=\"kc-col-container\">    <div class=\"kc-elm kc-css-62991 crumina-module contact-form\">\n\t\t<div role=\"form\" class=\"wpcf7\" id=\"wpcf7-f3698-o1\" lang=\"en-US\" dir=\"ltr\">\n<div class=\"screen-reader-response\"><p role=\"status\" aria-live=\"polite\" aria-atomic=\"true\"><\/p> <ul><\/ul><\/div>\n<form action=\"\/prueba\/wp-json\/wp\/v2\/pages\/245#wpcf7-f3698-o1\" method=\"post\" class=\"wpcf7-form init\" novalidate=\"novalidate\" data-status=\"init\">\n<div style=\"display: none;\">\n<input type=\"hidden\" name=\"_wpcf7\" value=\"3698\" \/>\n<input type=\"hidden\" name=\"_wpcf7_version\" value=\"5.4\" \/>\n<input type=\"hidden\" name=\"_wpcf7_locale\" value=\"en_US\" \/>\n<input type=\"hidden\" name=\"_wpcf7_unit_tag\" value=\"wpcf7-f3698-o1\" \/>\n<input type=\"hidden\" name=\"_wpcf7_container_post\" value=\"0\" \/>\n<input type=\"hidden\" name=\"_wpcf7_posted_data_hash\" value=\"\" \/>\n<\/div>\n<div style=\"color:white; line-height:1.2; font-size: 14px; text-align:center; margin-left:1%; margin-right:1%; margin-bottom:-13px;\">CONT\u00c1CTANOS hoy y recibe una asesor\u00eda de c\u00f3mo implementar exitosamente SIADOC<\/div>\n<p><\/br><\/p>\n<p><label><\/p>\n<div style=\"margin-top:-3%; margin-left:2%; margin-right:2%;\"><span class=\"wpcf7-form-control input-standard-grey-wrap your-name\"><input type=\"text\" name=\"your-name\" value=\"\" size=\"40\" class=\"wpcf7-form-control input-standard-grey wpcf7-text wpcf7-validates-as-required\" aria-required=\"true\" aria-invalid=\"false\" placeholder=\"Nombre y Apellidos*\" \/><\/span><\/div>\n<p><\/label><\/p>\n<div class=\"form-row\">\n<div class=\"column-half\" style=\"margin-top:-6%;margin-bottom:-4%\"><span class=\"wpcf7-form-control input-standard-grey-wrap your-email\"><input type=\"email\" name=\"your-email\" value=\"\" size=\"40\" class=\"wpcf7-form-control input-standard-grey wpcf7-text wpcf7-email wpcf7-validates-as-required wpcf7-validates-as-email\" aria-required=\"true\" aria-invalid=\"false\" placeholder=\"Email*\" \/><\/span><\/div>\n<div class=\"column-half\" style=\"margin-top:-6%; margin-bottom:-4%\"><span class=\"wpcf7-form-control input-standard-grey-wrap NoCelular\"><input type=\"tel\" name=\"NoCelular\" value=\"\" size=\"40\" class=\"wpcf7-form-control input-standard-grey wpcf7-text wpcf7-tel wpcf7-validates-as-required wpcf7-validates-as-tel\" aria-required=\"true\" aria-invalid=\"false\" placeholder=\"No de Celular*\" \/><\/span><\/div>\n<p><br>\n<\/div>\n<p><label><br \/>\n[recaptcha]<br \/>\n<\/label><\/p>\n<p><button class=\"btn-hover-shadow btn btn-medium btn-- &quot;wpcf7-form-control input-standard-grey wpcf7-submit btn--yellow&quot;\"><span class=\"text\">Enviar<\/span><span class=\"semicircle\"><\/span><\/button><\/p>\n<div class=\"wpcf7-response-output\" aria-hidden=\"true\"><\/div><\/form><\/div>    <\/div>\n<\/div><\/div><\/div><\/div><\/section><\/p>\n","protected":false},"excerpt":{"rendered":"<\/p><div class=\"more-link\"><a href=\"https:\/\/siadoc.co\/prueba\/radicacion-2\/\" class=\"btn btn-small btn--dark btn-hover-shadow\"><span class=\"text\">Continue Reading<\/span><i class=\"seoicon-right-arrow\"><\/i><\/a><\/div>","protected":false},"author":1,"featured_media":0,"parent":0,"menu_order":0,"comment_status":"closed","ping_status":"closed","template":"","meta":[],"tags":[69,116,115,90,100,81,80,73,65,102,98,112,94,83,88,85,76,74,67,66,86,89,103,107,111,114,78,71,92,105,117,109,113,64,120,119,68,96,121,110,118,63],"_links":{"self":[{"href":"https:\/\/siadoc.co\/prueba\/wp-json\/wp\/v2\/pages\/245"}],"collection":[{"href":"https:\/\/siadoc.co\/prueba\/wp-json\/wp\/v2\/pages"}],"about":[{"href":"https:\/\/siadoc.co\/prueba\/wp-json\/wp\/v2\/types\/page"}],"author":[{"embeddable":true,"href":"https:\/\/siadoc.co\/prueba\/wp-json\/wp\/v2\/users\/1"}],"replies":[{"embeddable":true,"href":"https:\/\/siadoc.co\/prueba\/wp-json\/wp\/v2\/comments?post=245"}],"version-history":[{"count":180,"href":"https:\/\/siadoc.co\/prueba\/wp-json\/wp\/v2\/pages\/245\/revisions"}],"predecessor-version":[{"id":4331,"href":"https:\/\/siadoc.co\/prueba\/wp-json\/wp\/v2\/pages\/245\/revisions\/4331"}],"wp:attachment":[{"href":"https:\/\/siadoc.co\/prueba\/wp-json\/wp\/v2\/media?parent=245"}],"wp:term":[{"taxonomy":"post_tag","embeddable":true,"href":"https:\/\/siadoc.co\/prueba\/wp-json\/wp\/v2\/tags?post=245"}],"curies":[{"name":"wp","href":"https:\/\/api.w.org\/{rel}","templated":true}]}}