{"id":2703,"date":"2018-07-31T19:28:23","date_gmt":"2018-07-31T19:28:23","guid":{"rendered":"https:\/\/siadoc.co\/prueba\/dashboard\/?page_id=2703"},"modified":"2021-04-18T13:39:44","modified_gmt":"2021-04-18T18:39:44","slug":"actos-administrativos","status":"publish","type":"page","link":"https:\/\/siadoc.co\/prueba\/actos-administrativos\/","title":{"rendered":"Actos Administrativos"},"content":{"rendered":"<p><section class=\"kc-elm kc-css-769565 kc_row\"><div class=\"kc-row-container  kc-container\"><div class=\"kc-wrap-columns\"><div class=\"kc-elm kc-css-167178 kc_col-sm-12 kc_column col-md-12\"><div class=\"kc-col-container\"><div class=\"kc-elm kc-css-516983 kc_row kc_row_inner\"><div class=\"kc-elm kc-css-291763 kc_col-sm-12 kc_column_inner col-md-12 col-sm-12\"><div class=\"kc_wrapper kc-col-inner-container\"><div class=\"kc-elm kc-css-497677\" style=\"height: 6px; clear: both; width:100%;\"><\/div>\n<header class=\"kc-elm kc-css-791266 kc-animated kc-animate-eff-bounceInLeft crumina-module crumina-heading align-center medium-section\">\n    <div class=\"title-text-wrap\"><h1 class=\" heading-title\">\n\t\tActos Administrativos<\/h1>\n\t    <\/div>\n\t        <div class=\"heading-decoration\"><span class=\"first\"><\/span><span class=\"second\"><\/span><\/div>\n\t        <div class=\"h5 heading-text\">SIADOC\u00ae<\/div>\n\t<\/header><\/div><\/div><\/div><\/div><\/div><\/div><\/div><\/section><section class=\"kc-elm kc-css-15938 kc_row\"><div class=\"kc-row-container  kc-container\"><div class=\"kc-wrap-columns\"><div class=\"kc-elm kc-css-975508 kc_col-sm-6 kc_column col-md-6 col-sm-12\"><div class=\"kc-col-container\"><div class=\"kc-elm kc-css-480968 kc-animated kc-animate-eff-tada crumina-module single-image\">\n            <img src=\"https:\/\/siadoc.co\/prueba\/wp-content\/uploads\/2020\/09\/modulo-actos-admin.png\" class=\"aligncenter\" alt=\"img\" \/>\n        <\/div>\n<\/div><\/div><div class=\"kc-elm kc-css-905727 kc_col-sm-6 kc_column col-md-6 col-sm-12\"><div class=\"kc-col-container\"><div class=\"kc-elm kc-css-183903 kc-animated kc-animate-eff-bounceInLeft kc_row kc_row_inner\"><div class=\"kc-elm kc-css-692382 kc_col-sm-12 kc_column_inner col-md-12 col-sm-12\"><div class=\"kc_wrapper kc-col-inner-container\">\n<div class=\"kc-elm kc-css-139190 crumina-module list list--primary\" data-icon=\"fa-caret-square-right\">\n    <p>M\u00f3dulo especializado en la gesti\u00f3n de manifestaciones de car\u00e1cter jur\u00eddico en las entidades estatales, denominados Actos Administrativos, a trav\u00e9s de un flujo de trabajo que permite mejorar la administraci\u00f3n de estos tipos documentales de forma eficiente y pr\u00e1ctica.<\/p><\/div>\n\n<div class=\"kc-elm kc-css-839800 crumina-module crum-button align-left\">\n    <a class=\"btn btn-medium btn--primary icon-left \" href=\"https:\/\/siadoc.co\/prueba\/contacto\/\" target=\"_self\" title=\"\">\n\t\t<span class=\"text\">Cont\u00e1ctenos<\/span>        <span class=\"semicircle\"><\/span>\n        <span class=\"semicircle\"><\/span>\n    <\/a>\n<\/div><div class=\"kc-elm kc-css-181781\" style=\"height: 15px; clear: both; width:100%;\"><\/div><\/div><\/div><\/div><\/div><\/div><\/div><\/div><\/section><section class=\"kc-elm kc-css-261196 kc_row\"><div class=\"kc-row-container\"><div class=\"kc-wrap-columns\"><div class=\"kc-elm kc-css-19574 kc_col-sm-2 kc_column col-md-2 col-sm-6 col-xs-12\"><div class=\"kc-col-container\"><\/div><\/div><div class=\"kc-elm kc-css-154239 kc_col-sm-9 kc_column col-md-9 col-sm-12\"><div class=\"kc-col-container\"><div class=\"kc-elm kc-css-402088\" style=\"height: 40px; clear: both; width:100%;\"><\/div>\n<header class=\"kc-elm kc-css-127008 crumina-module crumina-heading align-center \">\n    <div class=\"title-text-wrap\"><h2 class=\" heading-title\">\n\t\t\u00bfQu\u00e9 hemos logrado con ISODOC\u00ae?<\/h2>\n\t    <\/div>\n\t<\/header><\/div><\/div><div class=\"kc-elm kc-css-697464 kc_col-sm-1 kc-animated kc-animate-eff-bounceInRight kc_column col-md-1 col-sm-6 col-xs-12\"><div class=\"kc-col-container\"><\/div><\/div><\/div><\/div><\/section><section class=\"kc-elm kc-css-218107 kc_row\"><div class=\"kc-row-container\"><div class=\"kc-wrap-columns\"><div class=\"kc-elm kc-css-920212 kc_col-sm-1 kc_column col-md-1 col-sm-6 col-xs-12\"><div class=\"kc-col-container\"><\/div><\/div><div class=\"kc-elm kc-css-827484 kc_col-sm-4 kc-animated kc-animate-eff-bounceInRight kc_column col-md-4 col-sm-12\"><div class=\"kc-col-container\"><div class=\"kc-elm kc-css-232758\" style=\"height: 146px; clear: both; width:100%;\"><\/div>\n<div class=\"kc-elm kc-css-956460 crumina-module list list--primary\" data-icon=\"fa-caret-square-right\">\n    <ul>\r\n<li>Creaci\u00f3n de Documentos Oficiales<\/li>\r\n<li>Consultas y Reportes<\/li>\r\n<li>Flujos de Trabajo<\/li>\r\n<li>Modificaciones y Control de Versiones<\/li>\r\n<\/ul>\r\n<\/div>\n<\/div><\/div><div class=\"kc-elm kc-css-108965 kc_col-sm-5 kc-animated kc-animate-eff-tada kc_column col-md-5 col-sm-12\"><div class=\"kc-col-container\"><div class=\"kc-elm kc-css-821951\" style=\"height: 18px; clear: both; width:100%;\"><\/div><div class=\"kc-elm kc-css-10703 kc-animated kc-animate-eff-bounceInLeft crumina-module single-image\">\n            <img src=\"https:\/\/siadoc.co\/prueba\/wp-content\/uploads\/2020\/09\/imagen18.5.png\" class=\"aligncenter\" alt=\"img\" \/>\n        <\/div>\n<div class=\"kc-elm kc-css-812170\" style=\"height: 18px; clear: both; width:100%;\"><\/div><\/div><\/div><div class=\"kc-elm kc-css-710261 kc_col-sm-1 kc_column col-md-1 col-sm-6 col-xs-12\"><div class=\"kc-col-container\"><\/div><\/div><\/div><\/div><\/section><section class=\"kc-elm kc-css-15484 kc_row\"><div class=\"kc-row-container\"><div class=\"kc-wrap-columns\"><div class=\"kc-elm kc-css-23107 kc_col-sm-3 kc_column col-md-3 col-sm-6 col-xs-12\"><div class=\"kc-col-container\"><div class=\"kc-elm kc-css-943085 crumina-module single-image\">\n            <img src=\"https:\/\/siadoc.co\/prueba\/wp-content\/uploads\/2018\/08\/sisblanco.png\" class=\"aligncenter\" alt=\"img\" \/>\n        <\/div>\n<div class=\"kc-elm kc-css-191273 kc_text_block\"><\/p>\n<p>\n<span style=\"color: #ffffff; font-size: 17px !important; margin-bottom: 8px;\"><i class=\"fa fa-phone fa-fw fa-1x t30\"><\/i>(57-1) 624 2201\/ (57-1) 624 2202<\/span><br \/><span style=\"color: #ffffff; margin-bottom: 8px;\"><i class=\"fa fa-envelope fa-fw fa-1x t30\"><\/i>info@siscomputo.com<\/span><br \/><span style=\"color: #ffffff; margin-bottom: 8px;\"><i class=\"fa fa-map-pin fa-fw fa-1x t30\"><\/i>Calle 117B No. 70C \u2013 85<\/span><br \/><span style=\"color: #ffffff; margin-bottom: 6px;\"><i class=\"fa fa-map-signs fa-fw fa-1x t30\"><\/i>Bogot\u00e1 D.C. \u2013 Colombia<\/span><\/p>\n<p>\n<\/div><div class=\"kc-elm kc-css-766208 kc_row kc_row_inner\"><div class=\"kc-elm kc-css-662335 kc_col-of-5 kc_column_inner kc_col-of-5\"><div class=\"kc_wrapper kc-col-inner-container\"><\/div><\/div><div class=\"kc-elm kc-css-478211 kc_col-of-5 kc_column_inner kc_col-of-5\"><div class=\"kc_wrapper kc-col-inner-container\"><div class=\"kc-elm kc-css-264362 crumina-module single-image\">\n        <a  href=\"https:\/\/www.facebook.com\/SomosSiscomputo\/\" title=\"\" target=\"_blank\">\n        <img src=\"https:\/\/siadoc.co\/prueba\/wp-content\/uploads\/2020\/08\/facebook.png\" class=\"aligncenter image-opacity\" alt=\"img\" alt=\"\" \/>\n    <\/a>\n        <\/div>\n<\/div><\/div><div class=\"kc-elm kc-css-476097 kc_col-of-5 kc_column_inner kc_col-of-5\"><div class=\"kc_wrapper kc-col-inner-container\"><div class=\"kc-elm kc-css-101798 crumina-module single-image\">\n        <a  href=\"https:\/\/twitter.com\/Siscomputo\" title=\"\" target=\"_blank\">\n        <img src=\"https:\/\/siadoc.co\/prueba\/wp-content\/uploads\/2020\/08\/twitter.png\" class=\"aligncenter image-opacity\" alt=\"img\" alt=\"\" \/>\n    <\/a>\n        <\/div>\n<\/div><\/div><div class=\"kc-elm kc-css-369391 kc_col-of-5 kc_column_inner kc_col-of-5\"><div class=\"kc_wrapper kc-col-inner-container\"><div class=\"kc-elm kc-css-756286 crumina-module single-image\">\n        <a  href=\"https:\/\/www.linkedin.com\/in\/siscomputo-ltda\/\" title=\"\" target=\"_blank\">\n        <img src=\"https:\/\/siadoc.co\/prueba\/wp-content\/uploads\/2020\/08\/linkedin.png\" class=\"aligncenter image-opacity\" alt=\"img\" alt=\"\" \/>\n    <\/a>\n        <\/div>\n<\/div><\/div><div class=\"kc-elm kc-css-551006 kc_col-of-5 kc_column_inner kc_col-of-5\"><div class=\"kc_wrapper kc-col-inner-container\"><\/div><\/div><\/div><\/div><\/div><div class=\"kc-elm kc-css-9020 kc_col-sm-3 kc_column col-md-3 col-sm-6 col-xs-12\"><div class=\"kc-col-container\"><div class=\"kc-elm kc-css-471665 kc_row kc_row_inner\"><div class=\"kc-elm kc-css-404090 kc_col-sm-12 kc_column_inner col-md-12 col-sm-12\"><div class=\"kc_wrapper kc-col-inner-container\"><div class=\"kc-elm kc-css-355235 crumina-module single-image\">\n            <img src=\"https:\/\/siadoc.co\/prueba\/wp-content\/uploads\/2020\/08\/Laura-Ahumada-C-261x261-1-100x100xc.png\" class=\"aligncenter\" alt=\"img\" \/>\n        <\/div>\n<div class=\"kc-elm kc-css-831203 kc_text_block\"><\/p>\n<h6 style=\"text-align: center;\"><span style=\"color: #ffffff;\"><strong>Laura Ca\u00f1on<\/strong><\/span><\/h6>\n<div style=\"font-family: Lato; font-size: 15px; color: white; line-height: 20px; margin-top: -10px; text-align: center;\">Consultor Gesti\u00f3n Documental y Transformaci\u00f3n Digital<br \/>laura.canon@siscomputo.com<br \/>(57) 301 634 6004<\/div>\n<p>\n<\/div><\/div><\/div><\/div><\/div><\/div><div class=\"kc-elm kc-css-34221 kc_col-sm-3 kc_column col-md-3 col-sm-6 col-xs-12\"><div class=\"kc-col-container\"><div class=\"kc-elm kc-css-524919 kc_row kc_row_inner\"><div class=\"kc-elm kc-css-46947 kc_col-sm-12 kc_column_inner col-md-12 col-sm-12\"><div class=\"kc_wrapper kc-col-inner-container\"><div style=\"height: 205px\"><span style=\"border-radius:25px;\"><iframe src=\"https:\/\/www.google.com\/maps\/embed?pb=!1m14!1m8!1m3!1d994.0986715169662!2d-74.073467!3d4.7013!3m2!1i1024!2i768!4f13.1!3m3!1m2!1s0x0%3A0x199bb64f722998cd!2sSiscomputo!5e0!3m2!1ses!2sco!4v1531448627682\" width=\"100%\" height=\"205\" frameborder=\"0\" style=\"border:0\" allowfullscreen><\/iframe><\/span><\/div><\/div><\/div><\/div><\/div><\/div><div class=\"kc-elm kc-css-108942 kc_col-sm-3 kc_column col-md-3 col-sm-6 col-xs-12\"><div class=\"kc-col-container\">    <div class=\"kc-elm kc-css-342999 crumina-module contact-form\">\n\t\t<div role=\"form\" class=\"wpcf7\" id=\"wpcf7-f3698-o1\" lang=\"en-US\" dir=\"ltr\">\n<div class=\"screen-reader-response\"><p role=\"status\" aria-live=\"polite\" aria-atomic=\"true\"><\/p> <ul><\/ul><\/div>\n<form action=\"\/prueba\/wp-json\/wp\/v2\/pages\/2703#wpcf7-f3698-o1\" method=\"post\" class=\"wpcf7-form init\" novalidate=\"novalidate\" data-status=\"init\">\n<div style=\"display: none;\">\n<input type=\"hidden\" name=\"_wpcf7\" value=\"3698\" \/>\n<input type=\"hidden\" name=\"_wpcf7_version\" value=\"5.4\" \/>\n<input type=\"hidden\" name=\"_wpcf7_locale\" value=\"en_US\" \/>\n<input type=\"hidden\" name=\"_wpcf7_unit_tag\" value=\"wpcf7-f3698-o1\" \/>\n<input type=\"hidden\" name=\"_wpcf7_container_post\" value=\"0\" \/>\n<input type=\"hidden\" name=\"_wpcf7_posted_data_hash\" value=\"\" \/>\n<\/div>\n<div style=\"color:white; line-height:1.2; font-size: 14px; text-align:center; margin-left:1%; margin-right:1%; margin-bottom:-13px;\">CONT\u00c1CTANOS hoy y recibe una asesor\u00eda de c\u00f3mo implementar exitosamente SIADOC<\/div>\n<p><\/br><\/p>\n<p><label><\/p>\n<div style=\"margin-top:-3%; margin-left:2%; margin-right:2%;\"><span class=\"wpcf7-form-control input-standard-grey-wrap your-name\"><input type=\"text\" name=\"your-name\" value=\"\" size=\"40\" class=\"wpcf7-form-control input-standard-grey wpcf7-text wpcf7-validates-as-required\" aria-required=\"true\" aria-invalid=\"false\" placeholder=\"Nombre y Apellidos*\" \/><\/span><\/div>\n<p><\/label><\/p>\n<div class=\"form-row\">\n<div class=\"column-half\" style=\"margin-top:-6%;margin-bottom:-4%\"><span class=\"wpcf7-form-control input-standard-grey-wrap your-email\"><input type=\"email\" name=\"your-email\" value=\"\" size=\"40\" class=\"wpcf7-form-control input-standard-grey wpcf7-text wpcf7-email wpcf7-validates-as-required wpcf7-validates-as-email\" aria-required=\"true\" aria-invalid=\"false\" placeholder=\"Email*\" \/><\/span><\/div>\n<div class=\"column-half\" style=\"margin-top:-6%; margin-bottom:-4%\"><span class=\"wpcf7-form-control input-standard-grey-wrap NoCelular\"><input type=\"tel\" name=\"NoCelular\" value=\"\" size=\"40\" class=\"wpcf7-form-control input-standard-grey wpcf7-text wpcf7-tel wpcf7-validates-as-required wpcf7-validates-as-tel\" aria-required=\"true\" aria-invalid=\"false\" placeholder=\"No de Celular*\" \/><\/span><\/div>\n<p><br>\n<\/div>\n<p><label><br \/>\n[recaptcha]<br \/>\n<\/label><\/p>\n<p><button class=\"btn-hover-shadow btn btn-medium btn-- &quot;wpcf7-form-control input-standard-grey wpcf7-submit btn--yellow&quot;\"><span class=\"text\">Enviar<\/span><span class=\"semicircle\"><\/span><\/button><\/p>\n<div class=\"wpcf7-response-output\" aria-hidden=\"true\"><\/div><\/form><\/div>    <\/div>\n<\/div><\/div><\/div><\/div><\/section><\/p>\n","protected":false},"excerpt":{"rendered":"<\/p><div class=\"more-link\"><a href=\"https:\/\/siadoc.co\/prueba\/actos-administrativos\/\" class=\"btn btn-small btn--dark btn-hover-shadow\"><span class=\"text\">Continue Reading<\/span><i class=\"seoicon-right-arrow\"><\/i><\/a><\/div>","protected":false},"author":1,"featured_media":0,"parent":0,"menu_order":0,"comment_status":"closed","ping_status":"closed","template":"","meta":[],"tags":[69,116,115,90,100,81,80,73,65,102,98,112,94,83,88,85,76,74,67,66,86,89,103,107,111,114,78,71,92,105,117,109,113,64,120,119,68,96,121,110,118,63],"_links":{"self":[{"href":"https:\/\/siadoc.co\/prueba\/wp-json\/wp\/v2\/pages\/2703"}],"collection":[{"href":"https:\/\/siadoc.co\/prueba\/wp-json\/wp\/v2\/pages"}],"about":[{"href":"https:\/\/siadoc.co\/prueba\/wp-json\/wp\/v2\/types\/page"}],"author":[{"embeddable":true,"href":"https:\/\/siadoc.co\/prueba\/wp-json\/wp\/v2\/users\/1"}],"replies":[{"embeddable":true,"href":"https:\/\/siadoc.co\/prueba\/wp-json\/wp\/v2\/comments?post=2703"}],"version-history":[{"count":32,"href":"https:\/\/siadoc.co\/prueba\/wp-json\/wp\/v2\/pages\/2703\/revisions"}],"predecessor-version":[{"id":4095,"href":"https:\/\/siadoc.co\/prueba\/wp-json\/wp\/v2\/pages\/2703\/revisions\/4095"}],"wp:attachment":[{"href":"https:\/\/siadoc.co\/prueba\/wp-json\/wp\/v2\/media?parent=2703"}],"wp:term":[{"taxonomy":"post_tag","embeddable":true,"href":"https:\/\/siadoc.co\/prueba\/wp-json\/wp\/v2\/tags?post=2703"}],"curies":[{"name":"wp","href":"https:\/\/api.w.org\/{rel}","templated":true}]}}