{"id":3520,"date":"2018-08-13T22:57:10","date_gmt":"2018-08-14T03:57:10","guid":{"rendered":"https:\/\/siadoc.co\/prueba\/dashboard\/inicio\/?page_id=3520"},"modified":"2021-04-18T13:46:54","modified_gmt":"2021-04-18T18:46:54","slug":"servicios","status":"publish","type":"page","link":"https:\/\/siadoc.co\/prueba\/servicios\/","title":{"rendered":"Servicios"},"content":{"rendered":"<p><section class=\"kc-elm kc-css-328935 kc_row\"><div class=\"kc-row-container  kc-container\"><div class=\"kc-wrap-columns\"><div class=\"kc-elm kc-css-513195 kc_col-sm-12 kc_column col-md-12\"><div class=\"kc-col-container\"><div class=\"kc-elm kc-css-267423 kc_row kc_row_inner\"><div class=\"kc-elm kc-css-362331 kc_col-sm-12 kc_column_inner col-md-12 col-sm-12\"><div class=\"kc_wrapper kc-col-inner-container\"><div class=\"kc-elm kc-css-401854\" style=\"height: 6px; clear: both; width:100%;\"><\/div>\n<header class=\"kc-elm kc-css-322009 kc-animated kc-animate-eff-bounceInLeft crumina-module crumina-heading align-center medium-section\">\n    <div class=\"title-text-wrap\"><h2 class=\" heading-title\">\n\t\tServicios que recibes con SIADOC<\/h2>\n\t    <\/div>\n\t        <div class=\"heading-decoration\"><span class=\"first\"><\/span><span class=\"second\"><\/span><\/div>\n\t<\/header><\/div><\/div><\/div><\/div><\/div><\/div><\/div><\/section><section class=\"kc-elm kc-css-257755 kc_row\"><div class=\"kc-row-container  kc-container\"><div class=\"kc-wrap-columns\"><div class=\"kc-elm kc-css-675125 kc_col-sm-6 kc_column col-md-6 col-sm-12\"><div class=\"kc-col-container\"><div class=\"kc-elm kc-css-722664 kc_text_block\"><\/p>\n<h2><span style=\"color: #ffffff;\">Soporte T\u00e9cnico y Mantenimiento<\/span><\/h2>\n<p><span style=\"color: #ffffff;\">Contamos con una herramienta especializada en el registro y an\u00e1lisis de la solicitud, implementaci\u00f3n, seguimiento y evaluaci\u00f3n de los casos que pueden presentarse a los usuarios mientras hacen uso de los aplicativos que obedecen a errores del usuario final por manejo inadecuado de la herramienta o recomendaciones t\u00e9cnicas en el manejo y uso de los aplicativos en la plataforma.<\/span><\/p>\n<p>\n<\/div><\/div><\/div><div class=\"kc-elm kc-css-3905 kc_col-sm-6 kc_column col-md-6 col-sm-12\"><div class=\"kc-col-container\"><div class=\"kc-elm kc-css-488807 crumina-module single-image\">\n            <img src=\"https:\/\/siadoc.co\/prueba\/wp-content\/uploads\/2020\/09\/IMAGEN27.png\" class=\"aligncenter\" alt=\"img\" \/>\n        <\/div>\n<\/div><\/div><\/div><\/div><\/section><section class=\"kc-elm kc-css-410566 kc_row\"><div class=\"kc-row-container  kc-container\"><div class=\"kc-wrap-columns\"><div class=\"kc-elm kc-css-313068 kc_col-sm-6 kc_column col-md-6 col-sm-12\"><div class=\"kc-col-container\"><div class=\"kc-elm kc-css-676153 crumina-module single-image\">\n            <img src=\"https:\/\/siadoc.co\/prueba\/wp-content\/uploads\/2018\/08\/servicio-tecnico-isodoc.png\" class=\"aligncenter\" alt=\"img\" \/>\n        <\/div>\n<\/div><\/div><div class=\"kc-elm kc-css-782836 kc_col-sm-6 kc_column col-md-6 col-sm-12\"><div class=\"kc-col-container\"><div class=\"kc-elm kc-css-803280 kc_text_block\"><\/p>\n<h2><span style=\"color: #ffffff;\">Integraci\u00f3n<\/span><\/h2>\n<p><span style=\"color: #ffffff;\">Gracias a su alto nivel de interoperabilidad y robustez tecnol\u00f3gica SIADOC cuenta con un conjunto de protocolos y servicios que permiten establecer un proceso de comunicaci\u00f3n para intercambiar datos de entrada o salida con otros aplicativos.<br \/>\n.<\/span><\/p>\n<p>\n<\/div><\/div><\/div><\/div><\/div><\/section><section class=\"kc-elm kc-css-159980 kc_row\"><div class=\"kc-row-container  kc-container\"><div class=\"kc-wrap-columns\"><div class=\"kc-elm kc-css-574465 kc_col-sm-6 kc_column col-md-6 col-sm-12\"><div class=\"kc-col-container\"><div class=\"kc-elm kc-css-224928 kc_text_block\"><\/p>\n<h2><span style=\"color: #ffffff;\">Apoyo y Capacitaci\u00f3n<\/span><\/h2>\n<p><span style=\"color: #ffffff;\">Adem\u00e1s de ofrecer programas de capacitaci\u00f3n enfocados en las necesidades de los usuarios (Funcional o Administrador), creamos un espacio de apoyo dentro del software con el objetivo de asistir preguntas de uso y orientaci\u00f3n de forma r\u00e1pida y sencilla.<\/span><\/p>\n<p>\n<\/div><\/div><\/div><div class=\"kc-elm kc-css-563807 kc_col-sm-6 kc_column col-md-6 col-sm-12\"><div class=\"kc-col-container\"><div class=\"kc-elm kc-css-348170 crumina-module single-image\">\n            <img src=\"https:\/\/siadoc.co\/prueba\/wp-content\/uploads\/2020\/09\/imagen29.png\" class=\"aligncenter\" alt=\"img\" \/>\n        <\/div>\n<\/div><\/div><\/div><\/div><\/section><section class=\"kc-elm kc-css-788206 kc_row\"><div class=\"kc-row-container\"><div class=\"kc-wrap-columns\"><div class=\"kc-elm kc-css-258410 kc_col-sm-3 kc_column col-md-3 col-sm-6 col-xs-12\"><div class=\"kc-col-container\"><div class=\"kc-elm kc-css-522719 crumina-module single-image\">\n            <img src=\"https:\/\/siadoc.co\/prueba\/wp-content\/uploads\/2018\/08\/sisblanco.png\" class=\"aligncenter\" alt=\"img\" \/>\n        <\/div>\n<div class=\"kc-elm kc-css-216140 kc_text_block\"><\/p>\n<p>\n<span style=\"color: #ffffff; font-size: 17px !important; margin-bottom: 8px;\"><i class=\"fa fa-phone fa-fw fa-1x t30\"><\/i>(57-1) 624 2201\/ (57-1) 624 2202<\/span><br \/>\n<span style=\"color: #ffffff; margin-bottom: 8px;\"><i class=\"fa fa-envelope fa-fw fa-1x t30\"><\/i>info@siscomputo.com<\/span><br \/>\n<span style=\"color: #ffffff; margin-bottom: 8px;\"><i class=\"fa fa-map-pin fa-fw fa-1x t30\"><\/i>Calle 117B No. 70C \u2013 85<\/span><br \/>\n<span style=\"color: #ffffff; margin-bottom: 6px;\"><i class=\"fa fa-map-signs fa-fw fa-1x t30\"><\/i>Bogot\u00e1 D.C. \u2013 Colombia<\/span><\/p>\n<p>\n<\/div><div class=\"kc-elm kc-css-569689 kc_row kc_row_inner\"><div class=\"kc-elm kc-css-507654 kc_col-of-5 kc_column_inner kc_col-of-5\"><div class=\"kc_wrapper kc-col-inner-container\"><\/div><\/div><div class=\"kc-elm kc-css-391631 kc_col-of-5 kc_column_inner kc_col-of-5\"><div class=\"kc_wrapper kc-col-inner-container\"><div class=\"kc-elm kc-css-67044 crumina-module single-image\">\n        <a  href=\"https:\/\/www.facebook.com\/SomosSiscomputo\/\" title=\"\" target=\"_blank\">\n        <img src=\"https:\/\/siadoc.co\/prueba\/wp-content\/uploads\/2020\/08\/facebook-30x30xc.png\" class=\"alignleft image-opacity\" alt=\"img\" alt=\"\" \/>\n    <\/a>\n        <\/div>\n<\/div><\/div><div class=\"kc-elm kc-css-733194 kc_col-of-5 kc_column_inner kc_col-of-5\"><div class=\"kc_wrapper kc-col-inner-container\"><div class=\"kc-elm kc-css-789580 crumina-module single-image\">\n        <a  href=\"https:\/\/twitter.com\/Siscomputo\" title=\"\" target=\"_blank\">\n        <img src=\"https:\/\/siadoc.co\/prueba\/wp-content\/uploads\/2020\/08\/twitter-30x30xc.png\" class=\"alignleft image-opacity\" alt=\"img\" alt=\"\" \/>\n    <\/a>\n        <\/div>\n<\/div><\/div><div class=\"kc-elm kc-css-657827 kc_col-of-5 kc_column_inner kc_col-of-5\"><div class=\"kc_wrapper kc-col-inner-container\"><div class=\"kc-elm kc-css-646410 crumina-module single-image\">\n        <a  href=\"https:\/\/www.linkedin.com\/in\/siscomputo-ltda\/\" title=\"\" target=\"_blank\">\n        <img src=\"https:\/\/siadoc.co\/prueba\/wp-content\/uploads\/2020\/08\/linkedin-30x30xc.png\" class=\"alignleft image-opacity\" alt=\"img\" alt=\"\" \/>\n    <\/a>\n        <\/div>\n<\/div><\/div><div class=\"kc-elm kc-css-206890 kc_col-of-5 kc_column_inner kc_col-of-5\"><div class=\"kc_wrapper kc-col-inner-container\"><\/div><\/div><\/div><\/div><\/div><div class=\"kc-elm kc-css-835640 kc_col-sm-3 kc_column col-md-3 col-sm-6 col-xs-12\"><div class=\"kc-col-container\"><div class=\"kc-elm kc-css-331986 kc_row kc_row_inner\"><div class=\"kc-elm kc-css-597725 kc_col-sm-12 kc_column_inner col-md-12 col-sm-12\"><div class=\"kc_wrapper kc-col-inner-container\"><div class=\"kc-elm kc-css-622267 crumina-module single-image\">\n            <img src=\"https:\/\/siadoc.co\/prueba\/wp-content\/uploads\/2020\/08\/Laura-Ahumada-C-261x261-1-100x100xc.png\" class=\"aligncenter\" alt=\"img\" \/>\n        <\/div>\n<div class=\"kc-elm kc-css-231332 kc_text_block\"><\/p>\n<h6 style=\"text-align: center;\"><span style=\"color: #ffffff;\"><strong>Laura Ca\u00f1on<\/strong><\/span><\/h6>\n<div style=\"font-family: Lato; font-size: 15px; color: white; line-height: 20px; margin-top: -10px; text-align: center;\">Consultor Gesti\u00f3n Documental y Transformaci\u00f3n Digital<br \/>\nlaura.canon@siscomputo.com<br \/>\n(57) 301 634 6004<\/div>\n<p>\n<\/div><\/div><\/div><\/div><\/div><\/div><div class=\"kc-elm kc-css-823126 kc_col-sm-3 kc_column col-md-3 col-sm-6 col-xs-12\"><div class=\"kc-col-container\"><div class=\"kc-elm kc-css-588291 kc_row kc_row_inner\"><div class=\"kc-elm kc-css-602917 kc_col-sm-12 kc_column_inner col-md-12 col-sm-12\"><div class=\"kc_wrapper kc-col-inner-container\"><div style=\"height: 205px\"><span style=\"border-radius:25px;\"><iframe src=\"https:\/\/www.google.com\/maps\/embed?pb=!1m14!1m8!1m3!1d994.0986715169662!2d-74.073467!3d4.7013!3m2!1i1024!2i768!4f13.1!3m3!1m2!1s0x0%3A0x199bb64f722998cd!2sSiscomputo!5e0!3m2!1ses!2sco!4v1531448627682\" width=\"100%\" height=\"205\" frameborder=\"0\" style=\"border:0\" allowfullscreen><\/iframe><\/span><\/div><\/div><\/div><\/div><\/div><\/div><div class=\"kc-elm kc-css-298112 kc_col-sm-3 kc_column col-md-3 col-sm-6 col-xs-12\"><div class=\"kc-col-container\">    <div class=\"kc-elm kc-css-862156 crumina-module contact-form\">\n\t\t<div role=\"form\" class=\"wpcf7\" id=\"wpcf7-f3698-o1\" lang=\"en-US\" dir=\"ltr\">\n<div class=\"screen-reader-response\"><p role=\"status\" aria-live=\"polite\" aria-atomic=\"true\"><\/p> <ul><\/ul><\/div>\n<form action=\"\/prueba\/wp-json\/wp\/v2\/pages\/3520#wpcf7-f3698-o1\" method=\"post\" class=\"wpcf7-form init\" novalidate=\"novalidate\" data-status=\"init\">\n<div style=\"display: none;\">\n<input type=\"hidden\" name=\"_wpcf7\" value=\"3698\" \/>\n<input type=\"hidden\" name=\"_wpcf7_version\" value=\"5.4\" \/>\n<input type=\"hidden\" name=\"_wpcf7_locale\" value=\"en_US\" \/>\n<input type=\"hidden\" name=\"_wpcf7_unit_tag\" value=\"wpcf7-f3698-o1\" \/>\n<input type=\"hidden\" name=\"_wpcf7_container_post\" value=\"0\" \/>\n<input type=\"hidden\" name=\"_wpcf7_posted_data_hash\" value=\"\" \/>\n<\/div>\n<div style=\"color:white; line-height:1.2; font-size: 14px; text-align:center; margin-left:1%; margin-right:1%; margin-bottom:-13px;\">CONT\u00c1CTANOS hoy y recibe una asesor\u00eda de c\u00f3mo implementar exitosamente SIADOC<\/div>\n<p><\/br><\/p>\n<p><label><\/p>\n<div style=\"margin-top:-3%; margin-left:2%; margin-right:2%;\"><span class=\"wpcf7-form-control input-standard-grey-wrap your-name\"><input type=\"text\" name=\"your-name\" value=\"\" size=\"40\" class=\"wpcf7-form-control input-standard-grey wpcf7-text wpcf7-validates-as-required\" aria-required=\"true\" aria-invalid=\"false\" placeholder=\"Nombre y Apellidos*\" \/><\/span><\/div>\n<p><\/label><\/p>\n<div class=\"form-row\">\n<div class=\"column-half\" style=\"margin-top:-6%;margin-bottom:-4%\"><span class=\"wpcf7-form-control input-standard-grey-wrap your-email\"><input type=\"email\" name=\"your-email\" value=\"\" size=\"40\" class=\"wpcf7-form-control input-standard-grey wpcf7-text wpcf7-email wpcf7-validates-as-required wpcf7-validates-as-email\" aria-required=\"true\" aria-invalid=\"false\" placeholder=\"Email*\" \/><\/span><\/div>\n<div class=\"column-half\" style=\"margin-top:-6%; margin-bottom:-4%\"><span class=\"wpcf7-form-control input-standard-grey-wrap NoCelular\"><input type=\"tel\" name=\"NoCelular\" value=\"\" size=\"40\" class=\"wpcf7-form-control input-standard-grey wpcf7-text wpcf7-tel wpcf7-validates-as-required wpcf7-validates-as-tel\" aria-required=\"true\" aria-invalid=\"false\" placeholder=\"No de Celular*\" \/><\/span><\/div>\n<p><br>\n<\/div>\n<p><label><br \/>\n[recaptcha]<br \/>\n<\/label><\/p>\n<p><button class=\"btn-hover-shadow btn btn-medium btn-- &quot;wpcf7-form-control input-standard-grey wpcf7-submit btn--yellow&quot;\"><span class=\"text\">Enviar<\/span><span class=\"semicircle\"><\/span><\/button><\/p>\n<div class=\"wpcf7-response-output\" aria-hidden=\"true\"><\/div><\/form><\/div>    <\/div>\n<\/div><\/div><\/div><\/div><\/section><\/p>\n","protected":false},"excerpt":{"rendered":"<\/p><div class=\"more-link\"><a href=\"https:\/\/siadoc.co\/prueba\/servicios\/\" class=\"btn btn-small btn--dark btn-hover-shadow\"><span class=\"text\">Continue Reading<\/span><i class=\"seoicon-right-arrow\"><\/i><\/a><\/div>","protected":false},"author":1,"featured_media":0,"parent":0,"menu_order":0,"comment_status":"closed","ping_status":"closed","template":"","meta":[],"tags":[],"_links":{"self":[{"href":"https:\/\/siadoc.co\/prueba\/wp-json\/wp\/v2\/pages\/3520"}],"collection":[{"href":"https:\/\/siadoc.co\/prueba\/wp-json\/wp\/v2\/pages"}],"about":[{"href":"https:\/\/siadoc.co\/prueba\/wp-json\/wp\/v2\/types\/page"}],"author":[{"embeddable":true,"href":"https:\/\/siadoc.co\/prueba\/wp-json\/wp\/v2\/users\/1"}],"replies":[{"embeddable":true,"href":"https:\/\/siadoc.co\/prueba\/wp-json\/wp\/v2\/comments?post=3520"}],"version-history":[{"count":160,"href":"https:\/\/siadoc.co\/prueba\/wp-json\/wp\/v2\/pages\/3520\/revisions"}],"predecessor-version":[{"id":4308,"href":"https:\/\/siadoc.co\/prueba\/wp-json\/wp\/v2\/pages\/3520\/revisions\/4308"}],"wp:attachment":[{"href":"https:\/\/siadoc.co\/prueba\/wp-json\/wp\/v2\/media?parent=3520"}],"wp:term":[{"taxonomy":"post_tag","embeddable":true,"href":"https:\/\/siadoc.co\/prueba\/wp-json\/wp\/v2\/tags?post=3520"}],"curies":[{"name":"wp","href":"https:\/\/api.w.org\/{rel}","templated":true}]}}